{"id":115,"date":"2014-06-16T19:55:26","date_gmt":"2014-06-16T19:55:26","guid":{"rendered":"http:\/\/aidpath.eu\/?page_id=115"},"modified":"2018-01-09T04:26:28","modified_gmt":"2018-01-09T04:26:28","slug":"press-and-media","status":"publish","type":"page","link":"https:\/\/aidpath.eu\/?page_id=115","title":{"rendered":"Press and Media"},"content":{"rendered":"<p><span style=\"color: #800080; font-size: 24px;\"><a href=\"http:\/\/www.captodayonline.com\/connectathon-opens-door-interoperability-digital-pathology\/\" target=\"_blank\" rel=\"noopener\">AIDPATH at Connectathon &#8211; PathVision Conference, October 2017, San Diego, USA<\/a><\/span><\/p>\n<p>With the FDA having approved whole slide imaging for primary diagnosis this year, one obstacle to full acceptance of digital pathology remains: lack of interoperability. To topple that barrier, the Digital Pathology Association, the CAP through its Digital Pathology Committee, and DICOM Working Group 26 convened in October, during the Pathology Visions conference, the first Connect\u00adathon for digital pathology. Philips, Ventana (Roche), and Leica Biosystems Aperio Digital Pathology participated with their slide scanners. Pathcore and AidPath provided their viewers, and Pathcore provided its PACS. \u2018Connectathon\u2019 opens door to interoperability in digital pathology. <a href=\"http:\/\/www.captodayonline.com\/connectathon-opens-door-interoperability-digital-pathology\/\" target=\"_blank\" rel=\"noopener\">Read more<\/a><\/p>\n<p>&nbsp;<\/p>\n<p><span style=\"color: #800080; font-size: 24px;\"><a href=\"http:\/\/www.diariodejerez.es\/jerez\/hospital-participa-proyecto-muestras-patologicas_0_1206479711.html\" target=\"_blank\" rel=\"noopener\">El hospital de Jer\u00e9z participa en un proyecto pionero de imagen digital para muestras patol\u00f3gicas<\/a><\/span><\/p>\n<p>Un grupo de investigaci\u00f3n del hospital de Jerez junto con la Subdirecci\u00f3n de Tecnolog\u00edas de la Informaci\u00f3n y Comunicaciones del Servicio Andaluz de Salud y en colaboraci\u00f3n con el programa europeo AIDPATH han desarrollado un proyecto pionero sobre anatom\u00eda patol\u00f3gica digital, que facilita el trabajo diario de estos especialistas. El proyecto se ha presentado en el congreso internacional &#8216;Path Vision&#8217;, que organiza la &#8216;Digital Pathology Assosiation&#8217; en San Diego, California (Estados Unidos), como iniciativa innovadora dentro del campo de la anatom\u00eda patol\u00f3gica digital, ya que es de los primeros a nivel mundial que utiliza el formato universal de imagen digital m\u00e9dica, denominado &#8216;DICOM&#8217;.<\/p>\n<p>Diario de Jerez, 05 Enero, 2018. <a href=\"http:\/\/www.diariodejerez.es\/jerez\/hospital-participa-proyecto-muestras-patologicas_0_1206479711.html\">Read more<\/a><\/p>\n<p>ConSalud.es, 05 Enero, 2018. <a href=\"https:\/\/www.consalud.es\/rss-portada\/el-hospital-de-jerez-pionero-en-un-formato-de-imagen-digital-para-muestras-patologicas_45749_102.html\" target=\"_blank\" rel=\"noopener\"> Read more<\/a><\/p>\n<p>MiraJerez.com, 04 Enero, 2018. <a href=\"https:\/\/www.mirajerez.com\/04\/01\/2018\/el-hospital-participa-en-el-desarrollo-de-un-formato-universal-de-imagen-digital\/\" target=\"_blank\" rel=\"noopener\"> Read more<\/a><\/p>\n<p>&nbsp;<\/p>\n<p><span style=\"color: #800080; font-size: 24px;\"><a href=\"http:\/\/www.santaroszinios.lt\/blog\/events\/informatika-inovatyviai-medicinai-ir-santaros-slenio-geguzine\/\" target=\"_blank\">Informatika inovatyviai medicinai ir Santaros sl\u0117nio gegu\u017ein\u0117<\/a><\/span><\/p>\n<p>Sveikatos informatikos ir bioinformatikos asociacija kvie\u010dia \u012f konferencij\u0105 \u201eInformatika inovatyviai medicinai. \u0160iandien ir rytoj.\u201c Konferencija vyks gegu\u017e\u0117s 19 d., ketvirtadien\u012f, Jungtiniame inovatyvios medicinos centre (JIMC), Santari\u0161ki\u0173 g. 5 nuo 13:00 iki 17.30 val. Po konferencijos, jei tik orai leis, JIMC pievoje \u012fvyks antroji Santaros sl\u0117nio gegu\u017ein\u0117. May 2016. <a href=\"http:\/\/www.santaroszinios.lt\/blog\/events\/informatika-inovatyviai-medicinai-ir-santaros-slenio-geguzine\/\" target=\"_blank\">More details<\/a><\/p>\n<p>&nbsp;<\/p>\n<p><span style=\"color: #800080; font-size: 24px;\"><a href=\"http:\/\/www.visiononline.org\/\" target=\"_blank\">The Vision Show<\/a><\/span><\/p>\n<p>Boston May 3-5 2016<\/p>\n<p><a href=\"http:\/\/www.visiononline.org\/\" target=\"_blank\"><img decoding=\"async\" src=\"http:\/\/aidpath.eu\/wp-content\/uploads\/2016\/05\/IMG_20160504_104847937.jpg \" alt=\"Aidpath - Vision Show\" \/><\/a><\/p>\n<p>&nbsp;<\/p>\n<p><span style=\"color: #800080; font-size: 24px;\">Live impressions from the AIDPATH congress on digital pathology<\/span><\/p>\n<p>May 2 2016. <a href=\"https:\/\/youtu.be\/1LsjZgJuwwA\" target=\"_blank\">See on YouTube<\/a> <\/p>\n<p>April 26-26 2016. <a href=\"https:\/\/www.barco.com\/en\/News\/Post\/2016\/5\/2\/Live-impressions-from-the-AIDPATH-congress-the-future-of-pathology-will-be-digital\" target=\"_blank\"> Read more<\/a><\/p>\n<p>&nbsp;<\/p>\n<p><span style=\"color: #800080; font-size: 24px;\"><a href=\"http:\/\/www.lanzadigital.com\/news\/show\/sociedad\/avanza-el-proyecto-liderado-por-la-uclm-de-diagnostico-de-cancer\/86578\" target=\"_blank\">Avanza el proyecto liderado por la UCLM de diagn\u00f3stico de c\u00e1ncer<\/a><\/span><\/p>\n<p>El grupo de investigaci\u00f3n VISILAB de la Universidad de Castilla-La Mancha (UCLM) lidera el proyecto europeo Academia and Industry Collaboration for Digital Pathology, que podr\u00eda traducirse como Colaboraci\u00f3n de la universidad y la industria en patolog\u00eda digital y conocido por su acr\u00f3nimo AIDPATH.<\/p>\n<p>Esta iniciativa, financiada por la Uni\u00f3n Europea con tres millones de euros, persigue el desarrollo de herramientas de an\u00e1lisis y procesado digital de imagen e inteligencia artificial aplicados al campo de la anatom\u00eda patol\u00f3gica para el an\u00e1lisis del c\u00e1ncer. September 2015. <a href=\"http:\/\/www.lanzadigital.com\/news\/show\/sociedad\/avanza-el-proyecto-liderado-por-la-uclm-de-diagnostico-de-cancer\/86578\" target=\"_blank\">More details<\/a><\/p>\n<p>&nbsp;<\/p>\n<p><span style=\"color: #800080; font-size: 24px;\"><a href=\"http:\/\/www.santaroszinios.lt\/blog\/stereologijos-ir-skaitmenines-vaizdo-analizes-mokykla-valstybiniame-patologijos-centre\/\" target=\"_blank\">Stereologijos ir skaitmenin\u0117s vaizdo analiz\u0117s mokykla valstybiniame patologijos centre<\/a><\/span><\/p>\n<p>Stereologijos ekspertai \u2013 Johnnie Andersen ir Jens Randel Nyengaard \u2013 i\u0161 Aarhus Universitetin\u0117s ligonin\u0117s (Danija) supa\u017eindino dalyvius su praktiniais metodais, kaip i\u0161gauti kiekybin\u0119 trima\u010di\u0173 (3D) audinio matavim\u0173 informacij\u0105 pagal audinio 2D plok\u0161\u010di\u0173 matavimus skyriuose. September 2015. <a href=\"http:\/\/www.santaroszinios.lt\/blog\/stereologijos-ir-skaitmenines-vaizdo-analizes-mokykla-valstybiniame-patologijos-centre\/\" target=\"_blank\">More details<\/a><\/p>\n<p>&nbsp;<\/p>\n<p><span style=\"color: #800080; font-size: 24px;\"><a href=\"http:\/\/www.santaroszinios.lt\/blog\/patologijos-technologiju-galimybes-atviros-mokslo-inovacijoms\/\" target=\"_blank\">Patologijos Technologij\u0173 Galimyb\u0117s Atviros Mokslo Inovacijoms<\/a><\/span><\/p>\n<p>Valstybinis patologijos centras, V\u0161\u012e Vilniaus universiteto ligonin\u0117s Santari\u0161ki\u0173 klinik\u0173 filialas (VPC), kartu su AidPath konsorciumo partneriais organizuoja 5 dien\u0173 kursus \u201eStereologija ir vaizdo analiz\u0117 skaitmenin\u0117je patologijoje\u201c. \u012e juos kvie\u010diami visi, besidomintys stereologija ir patologijos vaizd\u0173 apdorojimu. September 2015. <a href=\"http:\/\/www.santaroszinios.lt\/blog\/patologijos-technologiju-galimybes-atviros-mokslo-inovacijoms\/\" target=\"_blank\">Read more<\/a><\/p>\n<p>&nbsp;<\/p>\n<p><span style=\"color: #800080; font-size: 24px;\">\u00abInformation Technology in Digital Pathology\u00bb \u2013 2nd AIDPATH Project Workshop<\/span><\/p>\n<p>The future paradigm of Pathology will be Digital. Instead of conventional microscopy, a pathologist will perform diagnosis through interaction with images on computer screens and performing quantitative analysis. Advances in digital pathology are generating huge volumes of whole slide images which are providing opportunities for developing and evaluating new and more effective treatments that may revolutionize care of patients. The challenge is to apply information technology and image analysis methods to exploit the new and emerging digital pathology technologies effectively in order to process and model all the data. May 2015. <a href=\"http:\/\/tissuepathology.com\/2015\/05\/02\/2nd-workshop-aidpath-project-may-26-madrid-spain-meeting-announcement\/#axzz3dyVpNZe7\" target=\"_blank\">Read more<\/a><\/p>\n<p>&nbsp;<\/p>\n<p><span style=\"color: #800080; font-size: 24px;\">AIDPATH in Digital Pathology Conference, Paris, 2014<\/span><\/p>\n<p><a href=\"http:\/\/www.digitalpathology2014.org\/\" target=\"_blank\"><img decoding=\"async\" src=\"http:\/\/aidpath.eu\/wp-content\/uploads\/2014\/06\/rollup.jpg\" alt=\"rollup conference\" \/><\/a><\/p>\n<p>&nbsp;<\/p>\n<p><span style=\"color: #800080; font-size: 24px;\">La UCLM lidera un proyecto europeo de inteligencia artificial aplicado al c\u00e1ncer de mama<\/span><\/p>\n<p>La Escuela T\u00e9cnica Superior de Ingenieros Industriales en el Campus de Ciudad Real ha acogido la primera reuni\u00f3n de trabajo del proyecto europeo de investigaci\u00f3n AIDPATH que lidera el grupo VISILAB de la Universidad de Castilla-La Mancha y el Hospital General Universitario de Ciudad Real. Con una cuant\u00eda de 3 millones de euros, el proyecto permitir\u00e1 el desarrollo de herramientas de an\u00e1lisis y procesado digital de imagen e inteligencia artificial para su aplicaci\u00f3n en el c\u00e1ncer de mama. December 2013. <a href=\"http:\/\/www.uclm.es\/gabinete\/ver_noticias.asp?id_noticia=10609\" target=\"_blank\">More details<\/a><\/p>\n","protected":false},"excerpt":{"rendered":"<p>AIDPATH at Connectathon &#8211; PathVision Conference, October 2017, San Diego, USA With the FDA having approved whole slide imaging for primary diagnosis this year, one obstacle to full acceptance of digital pathology remains: lack of interoperability. To topple that barrier, the Digital Pathology Association, the CAP through its Digital Pathology&hellip; <\/p>\n","protected":false},"author":1,"featured_media":0,"parent":0,"menu_order":0,"comment_status":"closed","ping_status":"closed","template":"","meta":{"footnotes":""},"class_list":["post-115","page","type-page","status-publish","hentry"],"yoast_head":"<!-- This site is optimized with the Yoast SEO plugin v23.8 - https:\/\/yoast.com\/wordpress\/plugins\/seo\/ -->\n<title>Press and Media | AIDPATH | Digital Pathology<\/title>\n<meta name=\"description\" content=\"Press and Media about AIDPATH: Academia and Industry Collaboration for Digital Pathology\" \/>\n<meta name=\"robots\" content=\"index, follow, max-snippet:-1, max-image-preview:large, max-video-preview:-1\" \/>\n<link rel=\"canonical\" href=\"https:\/\/aidpath.eu\/?page_id=115\" \/>\n<meta name=\"twitter:card\" content=\"summary_large_image\" \/>\n<meta name=\"twitter:title\" content=\"Press and Media | AIDPATH | Digital Pathology\" \/>\n<meta name=\"twitter:description\" content=\"Press and Media about AIDPATH: Academia and Industry Collaboration for Digital Pathology\" \/>\n<meta name=\"twitter:image\" content=\"https:\/\/aidpath.eu\/wp-content\/uploads\/2014\/06\/rollup.jpg\" \/>\n<meta name=\"twitter:site\" content=\"@Aidpath\" \/>\n<meta name=\"twitter:label1\" content=\"Tiempo de lectura\" \/>\n\t<meta name=\"twitter:data1\" content=\"4 minutos\" \/>\n<script type=\"application\/ld+json\" class=\"yoast-schema-graph\">{\"@context\":\"https:\/\/schema.org\",\"@graph\":[{\"@type\":\"WebPage\",\"@id\":\"https:\/\/aidpath.eu\/?page_id=115\",\"url\":\"https:\/\/aidpath.eu\/?page_id=115\",\"name\":\"Press and Media | AIDPATH | Digital Pathology\",\"isPartOf\":{\"@id\":\"https:\/\/aidpath.eu\/#website\"},\"primaryImageOfPage\":{\"@id\":\"https:\/\/aidpath.eu\/?page_id=115#primaryimage\"},\"image\":{\"@id\":\"https:\/\/aidpath.eu\/?page_id=115#primaryimage\"},\"thumbnailUrl\":\"http:\/\/aidpath.eu\/wp-content\/uploads\/2014\/06\/rollup.jpg\",\"datePublished\":\"2014-06-16T19:55:26+00:00\",\"dateModified\":\"2018-01-09T04:26:28+00:00\",\"description\":\"Press and Media about AIDPATH: Academia and Industry Collaboration for Digital Pathology\",\"breadcrumb\":{\"@id\":\"https:\/\/aidpath.eu\/?page_id=115#breadcrumb\"},\"inLanguage\":\"es\",\"potentialAction\":[{\"@type\":\"ReadAction\",\"target\":[\"https:\/\/aidpath.eu\/?page_id=115\"]}]},{\"@type\":\"ImageObject\",\"inLanguage\":\"es\",\"@id\":\"https:\/\/aidpath.eu\/?page_id=115#primaryimage\",\"url\":\"https:\/\/aidpath.eu\/wp-content\/uploads\/2014\/06\/rollup.jpg\",\"contentUrl\":\"https:\/\/aidpath.eu\/wp-content\/uploads\/2014\/06\/rollup.jpg\",\"width\":250,\"height\":333},{\"@type\":\"BreadcrumbList\",\"@id\":\"https:\/\/aidpath.eu\/?page_id=115#breadcrumb\",\"itemListElement\":[{\"@type\":\"ListItem\",\"position\":1,\"name\":\"Home\",\"item\":\"https:\/\/aidpath.eu\/\"},{\"@type\":\"ListItem\",\"position\":2,\"name\":\"Press and Media\"}]},{\"@type\":\"WebSite\",\"@id\":\"https:\/\/aidpath.eu\/#website\",\"url\":\"https:\/\/aidpath.eu\/\",\"name\":\"Academia and Industry Collaboration for Digital Pathology\",\"description\":\"\",\"potentialAction\":[{\"@type\":\"SearchAction\",\"target\":{\"@type\":\"EntryPoint\",\"urlTemplate\":\"https:\/\/aidpath.eu\/?s={search_term_string}\"},\"query-input\":{\"@type\":\"PropertyValueSpecification\",\"valueRequired\":true,\"valueName\":\"search_term_string\"}}],\"inLanguage\":\"es\"}]}<\/script>\n<!-- \/ Yoast SEO plugin. -->","yoast_head_json":{"title":"Press and Media | AIDPATH | Digital Pathology","description":"Press and Media about AIDPATH: Academia and Industry Collaboration for Digital Pathology","robots":{"index":"index","follow":"follow","max-snippet":"max-snippet:-1","max-image-preview":"max-image-preview:large","max-video-preview":"max-video-preview:-1"},"canonical":"https:\/\/aidpath.eu\/?page_id=115","twitter_card":"summary_large_image","twitter_title":"Press and Media | AIDPATH | Digital Pathology","twitter_description":"Press and Media about AIDPATH: Academia and Industry Collaboration for Digital Pathology","twitter_image":"https:\/\/aidpath.eu\/wp-content\/uploads\/2014\/06\/rollup.jpg","twitter_site":"@Aidpath","twitter_misc":{"Tiempo de lectura":"4 minutos"},"schema":{"@context":"https:\/\/schema.org","@graph":[{"@type":"WebPage","@id":"https:\/\/aidpath.eu\/?page_id=115","url":"https:\/\/aidpath.eu\/?page_id=115","name":"Press and Media | AIDPATH | Digital Pathology","isPartOf":{"@id":"https:\/\/aidpath.eu\/#website"},"primaryImageOfPage":{"@id":"https:\/\/aidpath.eu\/?page_id=115#primaryimage"},"image":{"@id":"https:\/\/aidpath.eu\/?page_id=115#primaryimage"},"thumbnailUrl":"http:\/\/aidpath.eu\/wp-content\/uploads\/2014\/06\/rollup.jpg","datePublished":"2014-06-16T19:55:26+00:00","dateModified":"2018-01-09T04:26:28+00:00","description":"Press and Media about AIDPATH: Academia and Industry Collaboration for Digital Pathology","breadcrumb":{"@id":"https:\/\/aidpath.eu\/?page_id=115#breadcrumb"},"inLanguage":"es","potentialAction":[{"@type":"ReadAction","target":["https:\/\/aidpath.eu\/?page_id=115"]}]},{"@type":"ImageObject","inLanguage":"es","@id":"https:\/\/aidpath.eu\/?page_id=115#primaryimage","url":"https:\/\/aidpath.eu\/wp-content\/uploads\/2014\/06\/rollup.jpg","contentUrl":"https:\/\/aidpath.eu\/wp-content\/uploads\/2014\/06\/rollup.jpg","width":250,"height":333},{"@type":"BreadcrumbList","@id":"https:\/\/aidpath.eu\/?page_id=115#breadcrumb","itemListElement":[{"@type":"ListItem","position":1,"name":"Home","item":"https:\/\/aidpath.eu\/"},{"@type":"ListItem","position":2,"name":"Press and Media"}]},{"@type":"WebSite","@id":"https:\/\/aidpath.eu\/#website","url":"https:\/\/aidpath.eu\/","name":"Academia and Industry Collaboration for Digital Pathology","description":"","potentialAction":[{"@type":"SearchAction","target":{"@type":"EntryPoint","urlTemplate":"https:\/\/aidpath.eu\/?s={search_term_string}"},"query-input":{"@type":"PropertyValueSpecification","valueRequired":true,"valueName":"search_term_string"}}],"inLanguage":"es"}]}},"_links":{"self":[{"href":"https:\/\/aidpath.eu\/index.php?rest_route=\/wp\/v2\/pages\/115","targetHints":{"allow":["GET"]}}],"collection":[{"href":"https:\/\/aidpath.eu\/index.php?rest_route=\/wp\/v2\/pages"}],"about":[{"href":"https:\/\/aidpath.eu\/index.php?rest_route=\/wp\/v2\/types\/page"}],"author":[{"embeddable":true,"href":"https:\/\/aidpath.eu\/index.php?rest_route=\/wp\/v2\/users\/1"}],"replies":[{"embeddable":true,"href":"https:\/\/aidpath.eu\/index.php?rest_route=%2Fwp%2Fv2%2Fcomments&post=115"}],"version-history":[{"count":60,"href":"https:\/\/aidpath.eu\/index.php?rest_route=\/wp\/v2\/pages\/115\/revisions"}],"predecessor-version":[{"id":1340,"href":"https:\/\/aidpath.eu\/index.php?rest_route=\/wp\/v2\/pages\/115\/revisions\/1340"}],"wp:attachment":[{"href":"https:\/\/aidpath.eu\/index.php?rest_route=%2Fwp%2Fv2%2Fmedia&parent=115"}],"curies":[{"name":"wp","href":"https:\/\/api.w.org\/{rel}","templated":true}]}}